{"id":207,"date":"2022-02-07T09:38:29","date_gmt":"2022-02-07T12:38:29","guid":{"rendered":"https:\/\/demosites.royal-elementor-addons.com\/lawyer-v1\/?page_id=207"},"modified":"2024-03-08T08:33:15","modified_gmt":"2024-03-08T11:33:15","slug":"advogados","status":"publish","type":"page","link":"http:\/\/lol.adv.br\/index.php\/advogados\/","title":{"rendered":"Advogados"},"content":{"rendered":"\t\t<div data-elementor-type=\"wp-page\" data-elementor-id=\"207\" class=\"elementor elementor-207\">\n\t\t\t\t\t\t<section class=\"elementor-section elementor-top-section elementor-element elementor-element-55ccf8c elementor-section-height-min-height elementor-section-boxed elementor-section-height-default elementor-section-items-middle wpr-particle-no wpr-jarallax-no wpr-parallax-no wpr-sticky-section-no wpr-column-slider-no wpr-equal-height-no\" data-id=\"55ccf8c\" data-element_type=\"section\" data-e-type=\"section\" data-settings=\"{&quot;background_background&quot;:&quot;classic&quot;,&quot;shape_divider_bottom&quot;:&quot;opacity-tilt&quot;}\">\n\t\t\t\t\t\t\t<div class=\"elementor-background-overlay\"><\/div>\n\t\t\t\t\t\t<div class=\"elementor-shape elementor-shape-bottom\" aria-hidden=\"true\" data-negative=\"false\">\n\t\t\t<svg xmlns=\"http:\/\/www.w3.org\/2000\/svg\" viewBox=\"0 0 2600 131.1\" preserveAspectRatio=\"none\">\n\t<path class=\"elementor-shape-fill\" d=\"M0 0L2600 0 2600 69.1 0 0z\"\/>\n\t<path class=\"elementor-shape-fill\" style=\"opacity:0.5\" d=\"M0 0L2600 0 2600 69.1 0 69.1z\"\/>\n\t<path class=\"elementor-shape-fill\" style=\"opacity:0.25\" d=\"M2600 0L0 0 0 130.1 2600 69.1z\"\/>\n<\/svg>\t\t<\/div>\n\t\t\t\t\t<div class=\"elementor-container elementor-column-gap-default\">\n\t\t\t\t\t<div class=\"elementor-column elementor-col-100 elementor-top-column elementor-element elementor-element-875411e\" data-id=\"875411e\" data-element_type=\"column\" data-e-type=\"column\">\n\t\t\t<div class=\"elementor-widget-wrap elementor-element-populated\">\n\t\t\t\t\t\t<div class=\"elementor-element elementor-element-325071c elementor-widget elementor-widget-heading\" data-id=\"325071c\" data-element_type=\"widget\" data-e-type=\"widget\" data-widget_type=\"heading.default\">\n\t\t\t\t<div class=\"elementor-widget-container\">\n\t\t\t\t\t<h2 class=\"elementor-heading-title elementor-size-default\">Advocacia<\/h2>\t\t\t\t<\/div>\n\t\t\t\t<\/div>\n\t\t\t\t<div class=\"elementor-element elementor-element-36266b0 elementor-widget-divider--view-line elementor-widget elementor-widget-divider\" data-id=\"36266b0\" data-element_type=\"widget\" data-e-type=\"widget\" data-widget_type=\"divider.default\">\n\t\t\t\t<div class=\"elementor-widget-container\">\n\t\t\t\t\t\t\t<div class=\"elementor-divider\">\n\t\t\t<span class=\"elementor-divider-separator\">\n\t\t\t\t\t\t<\/span>\n\t\t<\/div>\n\t\t\t\t\t\t<\/div>\n\t\t\t\t<\/div>\n\t\t\t\t\t<\/div>\n\t\t<\/div>\n\t\t\t\t\t<\/div>\n\t\t<\/section>\n\t\t\t\t<section class=\"elementor-section elementor-top-section elementor-element elementor-element-de71ad7 elementor-section-boxed elementor-section-height-default elementor-section-height-default wpr-particle-no wpr-jarallax-no wpr-parallax-no wpr-sticky-section-no wpr-column-slider-no wpr-equal-height-no\" data-id=\"de71ad7\" data-element_type=\"section\" data-e-type=\"section\">\n\t\t\t\t\t\t<div class=\"elementor-container elementor-column-gap-default\">\n\t\t\t\t\t<div class=\"elementor-column elementor-col-100 elementor-top-column elementor-element elementor-element-5e34d60\" data-id=\"5e34d60\" data-element_type=\"column\" data-e-type=\"column\">\n\t\t\t<div class=\"elementor-widget-wrap elementor-element-populated\">\n\t\t\t\t\t\t<div class=\"elementor-element elementor-element-9a61730 elementor-widget elementor-widget-heading\" data-id=\"9a61730\" data-element_type=\"widget\" data-e-type=\"widget\" data-widget_type=\"heading.default\">\n\t\t\t\t<div class=\"elementor-widget-container\">\n\t\t\t\t\t<h2 class=\"elementor-heading-title elementor-size-default\">Nossa Equipe<\/h2>\t\t\t\t<\/div>\n\t\t\t\t<\/div>\n\t\t\t\t<div class=\"elementor-element elementor-element-735dee3 elementor-widget elementor-widget-heading\" data-id=\"735dee3\" data-element_type=\"widget\" data-e-type=\"widget\" data-widget_type=\"heading.default\">\n\t\t\t\t<div class=\"elementor-widget-container\">\n\t\t\t\t\t<h2 class=\"elementor-heading-title elementor-size-default\">Conhe\u00e7a nossos advogados<\/h2>\t\t\t\t<\/div>\n\t\t\t\t<\/div>\n\t\t\t\t<section class=\"elementor-section elementor-inner-section elementor-element elementor-element-4fb3188 elementor-section-boxed elementor-section-height-default elementor-section-height-default wpr-particle-no wpr-jarallax-no wpr-parallax-no wpr-sticky-section-no wpr-column-slider-no wpr-equal-height-no\" data-id=\"4fb3188\" data-element_type=\"section\" data-e-type=\"section\">\n\t\t\t\t\t\t<div class=\"elementor-container elementor-column-gap-default\">\n\t\t\t\t\t<div class=\"elementor-column elementor-col-33 elementor-inner-column elementor-element elementor-element-c531bc3\" data-id=\"c531bc3\" data-element_type=\"column\" data-e-type=\"column\">\n\t\t\t<div class=\"elementor-widget-wrap elementor-element-populated\">\n\t\t\t\t\t\t<div class=\"elementor-element elementor-element-c9a1be8 elementor-widget elementor-widget-wpr-team-member\" data-id=\"c9a1be8\" data-element_type=\"widget\" data-e-type=\"widget\" data-widget_type=\"wpr-team-member.default\">\n\t\t\t\t<div class=\"elementor-widget-container\">\n\t\t\t\t\t\n\t<div class=\"wpr-team-member\">\n\t\t\t\t\t\n\t\t\t<div class=\"wpr-member-media\">\n\t\t\t\t<div class=\"wpr-member-image\">\n\t\t\t\t\t<img decoding=\"async\" src=\"http:\/\/lol.adv.br\/wp-content\/uploads\/2024\/03\/Luis.jpg\" alt=\"Lu\u00eds Ot\u00e1vio Lara\">\n\t\t\t\t<\/div>\n\t\t\t\t\t\t\t<\/div>\n\t\t\t\t\n\t\t\n\t\t<div class=\"wpr-member-content\">\n\t\t\t<h3 class=\"wpr-member-name\">Lu\u00eds Ot\u00e1vio Lara<\/h3>\n\t\t\t\n\t\t\t\t\t\t\t<div class=\"wpr-member-job\">Advogado s\u00f3cio fundador<\/div>\n\t\t\t\n\t\t\t\n\t\t\t\t\t\t\t<div class=\"wpr-member-description\">Especialista em contratos internacionais, atuante em direito de fam\u00edlia, sucess\u00f5es e empresarial. <\/div>\n\t\t\t\t\t\t\n\t\t\t\t\t<\/div>\n\n\t\t\t<\/div>\n\n\t\t\t\t\t<\/div>\n\t\t\t\t<\/div>\n\t\t\t\t\t<\/div>\n\t\t<\/div>\n\t\t\t\t<div class=\"elementor-column elementor-col-33 elementor-inner-column elementor-element elementor-element-c6d0059\" data-id=\"c6d0059\" data-element_type=\"column\" data-e-type=\"column\">\n\t\t\t<div class=\"elementor-widget-wrap elementor-element-populated\">\n\t\t\t\t\t\t<div class=\"elementor-element elementor-element-646904d elementor-widget elementor-widget-wpr-team-member\" data-id=\"646904d\" data-element_type=\"widget\" data-e-type=\"widget\" data-widget_type=\"wpr-team-member.default\">\n\t\t\t\t<div class=\"elementor-widget-container\">\n\t\t\t\t\t\n\t<div class=\"wpr-team-member\">\n\t\t\t\t\t\n\t\t\t<div class=\"wpr-member-media\">\n\t\t\t\t<div class=\"wpr-member-image\">\n\t\t\t\t\t<img decoding=\"async\" src=\"http:\/\/lol.adv.br\/wp-content\/uploads\/2024\/03\/Luana.jpg\" alt=\"Luana Oliveira Lara \">\n\t\t\t\t<\/div>\n\t\t\t\t\t\t\t<\/div>\n\t\t\t\t\n\t\t\n\t\t<div class=\"wpr-member-content\">\n\t\t\t<h3 class=\"wpr-member-name\">Luana Oliveira Lara <\/h3>\n\t\t\t\n\t\t\t\t\t\t\t<div class=\"wpr-member-job\">Advogada s\u00f3cia administrativa <\/div>\n\t\t\t\n\t\t\t\n\t\t\t\t\t\t\t<div class=\"wpr-member-description\">Especialista em imigra\u00e7\u00e3o, assessoria de vistos, nacionalidade portuguesa e estrat\u00e9gia para mudan\u00e7a para Portugal.<\/div>\n\t\t\t\t\t\t\n\t\t\t\t\t<\/div>\n\n\t\t\t<\/div>\n\n\t\t\t\t\t<\/div>\n\t\t\t\t<\/div>\n\t\t\t\t\t<\/div>\n\t\t<\/div>\n\t\t\t\t<div class=\"elementor-column elementor-col-33 elementor-inner-column elementor-element elementor-element-83ff084\" data-id=\"83ff084\" data-element_type=\"column\" data-e-type=\"column\">\n\t\t\t<div class=\"elementor-widget-wrap elementor-element-populated\">\n\t\t\t\t\t\t<div class=\"elementor-element elementor-element-37bee1a elementor-widget elementor-widget-wpr-team-member\" data-id=\"37bee1a\" data-element_type=\"widget\" data-e-type=\"widget\" data-widget_type=\"wpr-team-member.default\">\n\t\t\t\t<div class=\"elementor-widget-container\">\n\t\t\t\t\t\n\t<div class=\"wpr-team-member\">\n\t\t\t\t\t\n\t\t\t<div class=\"wpr-member-media\">\n\t\t\t\t<div class=\"wpr-member-image\">\n\t\t\t\t\t<img decoding=\"async\" src=\"http:\/\/lol.adv.br\/wp-content\/uploads\/2024\/03\/Luiz.jpg\" alt=\"Luiz Costa\">\n\t\t\t\t<\/div>\n\t\t\t\t\t\t\t<\/div>\n\t\t\t\t\n\t\t\n\t\t<div class=\"wpr-member-content\">\n\t\t\t<h3 class=\"wpr-member-name\">Luiz Costa<\/h3>\n\t\t\t\n\t\t\t\t\t\t\t<div class=\"wpr-member-job\">Advogado <\/div>\n\t\t\t\n\t\t\t\n\t\t\t\t\t\t\t<div class=\"wpr-member-description\">Especialista em direito administrativo. Atua na obten\u00e7\u00e3o de documenta\u00e7\u00e3o e acompanhamento juntos aos \u00f3rg\u00e3os p\u00fablicos de Portugal.<\/div>\n\t\t\t\t\t\t\n\t\t\t\t\t<\/div>\n\n\t\t\t<\/div>\n\n\t\t\t\t\t<\/div>\n\t\t\t\t<\/div>\n\t\t\t\t\t<\/div>\n\t\t<\/div>\n\t\t\t\t\t<\/div>\n\t\t<\/section>\n\t\t\t\t\t<\/div>\n\t\t<\/div>\n\t\t\t\t\t<\/div>\n\t\t<\/section>\n\t\t\t\t<section class=\"elementor-section elementor-top-section elementor-element elementor-element-ac1dc12 elementor-section-boxed elementor-section-height-default elementor-section-height-default wpr-particle-no wpr-jarallax-no wpr-parallax-no wpr-sticky-section-no wpr-column-slider-no wpr-equal-height-no\" data-id=\"ac1dc12\" data-element_type=\"section\" data-e-type=\"section\" data-settings=\"{&quot;background_background&quot;:&quot;classic&quot;}\">\n\t\t\t\t\t\t\t<div class=\"elementor-background-overlay\"><\/div>\n\t\t\t\t\t\t\t<div class=\"elementor-container elementor-column-gap-default\">\n\t\t\t\t\t<div class=\"elementor-column elementor-col-100 elementor-top-column elementor-element elementor-element-1dabe11\" data-id=\"1dabe11\" data-element_type=\"column\" data-e-type=\"column\">\n\t\t\t<div class=\"elementor-widget-wrap elementor-element-populated\">\n\t\t\t\t\t\t<div class=\"elementor-element elementor-element-5bf9a5d elementor-widget elementor-widget-heading\" data-id=\"5bf9a5d\" data-element_type=\"widget\" data-e-type=\"widget\" data-widget_type=\"heading.default\">\n\t\t\t\t<div class=\"elementor-widget-container\">\n\t\t\t\t\t<h2 class=\"elementor-heading-title elementor-size-default\">20 anos de experi\u00eancia na \u00e1rea de processos judiciais<\/h2>\t\t\t\t<\/div>\n\t\t\t\t<\/div>\n\t\t\t\t<div class=\"elementor-element elementor-element-d92c873 elementor-widget elementor-widget-text-editor\" data-id=\"d92c873\" data-element_type=\"widget\" data-e-type=\"widget\" data-widget_type=\"text-editor.default\">\n\t\t\t\t<div class=\"elementor-widget-container\">\n\t\t\t\t\t\t\t\t\t<p>No Lara Oliveira Lara Advocacia, priorizamos o atendimento dedicado, a orienta\u00e7\u00e3o \u00e9tica e a busca incans\u00e1vel pela justi\u00e7a em cada caso que assumimos. Nossa expertise abrange uma variedade de \u00e1reas do direito, incluindo direito civil, trabalhista, empresarial, fam\u00edlia e muito mais.<\/p>\t\t\t\t\t\t\t\t<\/div>\n\t\t\t\t<\/div>\n\t\t\t\t<section class=\"elementor-section elementor-inner-section elementor-element elementor-element-0244630 elementor-section-boxed elementor-section-height-default elementor-section-height-default wpr-particle-no wpr-jarallax-no wpr-parallax-no wpr-sticky-section-no wpr-column-slider-no wpr-equal-height-no\" data-id=\"0244630\" data-element_type=\"section\" data-e-type=\"section\">\n\t\t\t\t\t\t<div class=\"elementor-container elementor-column-gap-default\">\n\t\t\t\t\t<div class=\"elementor-column elementor-col-33 elementor-inner-column elementor-element elementor-element-761e953\" data-id=\"761e953\" data-element_type=\"column\" data-e-type=\"column\">\n\t\t\t<div class=\"elementor-widget-wrap elementor-element-populated\">\n\t\t\t\t\t\t<div class=\"elementor-element elementor-element-81fb62c elementor-widget elementor-widget-counter\" data-id=\"81fb62c\" data-element_type=\"widget\" data-e-type=\"widget\" data-widget_type=\"counter.default\">\n\t\t\t\t<div class=\"elementor-widget-container\">\n\t\t\t\t\t\t\t<div class=\"elementor-counter\">\n\t\t\t<div class=\"elementor-counter-title\">Empres\u00e1rios assessorados<\/div>\t\t\t<div class=\"elementor-counter-number-wrapper\">\n\t\t\t\t<span class=\"elementor-counter-number-prefix\"><\/span>\n\t\t\t\t<span class=\"elementor-counter-number\" data-duration=\"2000\" data-to-value=\"210\" data-from-value=\"0\" data-delimiter=\",\">0<\/span>\n\t\t\t\t<span class=\"elementor-counter-number-suffix\">+<\/span>\n\t\t\t<\/div>\n\t\t<\/div>\n\t\t\t\t\t\t<\/div>\n\t\t\t\t<\/div>\n\t\t\t\t\t<\/div>\n\t\t<\/div>\n\t\t\t\t<div class=\"elementor-column elementor-col-33 elementor-inner-column elementor-element elementor-element-428cfd4\" data-id=\"428cfd4\" data-element_type=\"column\" data-e-type=\"column\">\n\t\t\t<div class=\"elementor-widget-wrap elementor-element-populated\">\n\t\t\t\t\t\t<div class=\"elementor-element elementor-element-64518ed elementor-widget elementor-widget-counter\" data-id=\"64518ed\" data-element_type=\"widget\" data-e-type=\"widget\" data-widget_type=\"counter.default\">\n\t\t\t\t<div class=\"elementor-widget-container\">\n\t\t\t\t\t\t\t<div class=\"elementor-counter\">\n\t\t\t<div class=\"elementor-counter-title\">Casos conclu\u00eddos<\/div>\t\t\t<div class=\"elementor-counter-number-wrapper\">\n\t\t\t\t<span class=\"elementor-counter-number-prefix\"><\/span>\n\t\t\t\t<span class=\"elementor-counter-number\" data-duration=\"2000\" data-to-value=\"190\" data-from-value=\"100\" data-delimiter=\",\">100<\/span>\n\t\t\t\t<span class=\"elementor-counter-number-suffix\">+<\/span>\n\t\t\t<\/div>\n\t\t<\/div>\n\t\t\t\t\t\t<\/div>\n\t\t\t\t<\/div>\n\t\t\t\t\t<\/div>\n\t\t<\/div>\n\t\t\t\t<div class=\"elementor-column elementor-col-33 elementor-inner-column elementor-element elementor-element-ae8c04e\" data-id=\"ae8c04e\" data-element_type=\"column\" data-e-type=\"column\">\n\t\t\t<div class=\"elementor-widget-wrap elementor-element-populated\">\n\t\t\t\t\t\t<div class=\"elementor-element elementor-element-4b4e109 elementor-widget elementor-widget-counter\" data-id=\"4b4e109\" data-element_type=\"widget\" data-e-type=\"widget\" data-widget_type=\"counter.default\">\n\t\t\t\t<div class=\"elementor-widget-container\">\n\t\t\t\t\t\t\t<div class=\"elementor-counter\">\n\t\t\t<div class=\"elementor-counter-title\">Documentos emitidos<\/div>\t\t\t<div class=\"elementor-counter-number-wrapper\">\n\t\t\t\t<span class=\"elementor-counter-number-prefix\"><\/span>\n\t\t\t\t<span class=\"elementor-counter-number\" data-duration=\"2000\" data-to-value=\"327\" data-from-value=\"0\" data-delimiter=\",\">0<\/span>\n\t\t\t\t<span class=\"elementor-counter-number-suffix\">+<\/span>\n\t\t\t<\/div>\n\t\t<\/div>\n\t\t\t\t\t\t<\/div>\n\t\t\t\t<\/div>\n\t\t\t\t\t<\/div>\n\t\t<\/div>\n\t\t\t\t\t<\/div>\n\t\t<\/section>\n\t\t\t\t\t<\/div>\n\t\t<\/div>\n\t\t\t\t\t<\/div>\n\t\t<\/section>\n\t\t\t\t<section class=\"elementor-section elementor-top-section elementor-element elementor-element-d4002b8 elementor-section-boxed elementor-section-height-default elementor-section-height-default wpr-particle-no wpr-jarallax-no wpr-parallax-no wpr-sticky-section-no wpr-column-slider-no wpr-equal-height-no\" data-id=\"d4002b8\" data-element_type=\"section\" data-e-type=\"section\">\n\t\t\t\t\t\t<div class=\"elementor-container elementor-column-gap-default\">\n\t\t\t\t\t<div class=\"elementor-column elementor-col-50 elementor-top-column elementor-element elementor-element-bc03566\" data-id=\"bc03566\" data-element_type=\"column\" data-e-type=\"column\">\n\t\t\t<div class=\"elementor-widget-wrap elementor-element-populated\">\n\t\t\t\t\t\t<div class=\"elementor-element elementor-element-5e034b9 elementor-widget elementor-widget-image\" data-id=\"5e034b9\" data-element_type=\"widget\" data-e-type=\"widget\" data-widget_type=\"image.default\">\n\t\t\t\t<div class=\"elementor-widget-container\">\n\t\t\t\t\t\t\t\t\t\t\t\t\t\t\t<img fetchpriority=\"high\" decoding=\"async\" width=\"960\" height=\"960\" src=\"http:\/\/lol.adv.br\/wp-content\/uploads\/2024\/03\/Luana-011-min.png\" class=\"attachment-large size-large wp-image-1714\" alt=\"\" srcset=\"http:\/\/lol.adv.br\/wp-content\/uploads\/2024\/03\/Luana-011-min.png 1024w, http:\/\/lol.adv.br\/wp-content\/uploads\/2024\/03\/Luana-011-min-300x300.png 300w, http:\/\/lol.adv.br\/wp-content\/uploads\/2024\/03\/Luana-011-min-150x150.png 150w, http:\/\/lol.adv.br\/wp-content\/uploads\/2024\/03\/Luana-011-min-768x768.png 768w\" sizes=\"(max-width: 960px) 100vw, 960px\" \/>\t\t\t\t\t\t\t\t\t\t\t\t\t\t\t<\/div>\n\t\t\t\t<\/div>\n\t\t\t\t\t<\/div>\n\t\t<\/div>\n\t\t\t\t<div class=\"elementor-column elementor-col-50 elementor-top-column elementor-element elementor-element-b8c15a2\" data-id=\"b8c15a2\" data-element_type=\"column\" data-e-type=\"column\">\n\t\t\t<div class=\"elementor-widget-wrap elementor-element-populated\">\n\t\t\t\t\t\t<div class=\"elementor-element elementor-element-13c5510 elementor-widget elementor-widget-heading\" data-id=\"13c5510\" data-element_type=\"widget\" data-e-type=\"widget\" data-widget_type=\"heading.default\">\n\t\t\t\t<div class=\"elementor-widget-container\">\n\t\t\t\t\t<h2 class=\"elementor-heading-title elementor-size-default\">Nossas especializa\u00e7\u00f5es<\/h2>\t\t\t\t<\/div>\n\t\t\t\t<\/div>\n\t\t\t\t<div class=\"elementor-element elementor-element-6d9f798 elementor-widget elementor-widget-text-editor\" data-id=\"6d9f798\" data-element_type=\"widget\" data-e-type=\"widget\" data-widget_type=\"text-editor.default\">\n\t\t\t\t<div class=\"elementor-widget-container\">\n\t\t\t\t\t\t\t\t\t<p>Estamos comprometidos em oferecer solu\u00e7\u00f5es jur\u00eddicas eficazes e de alta qualidade para nossos clientes. Entre em contato conosco para uma consulta e descubra como a Lara Oliveira Lara Advogados pode ajud\u00e1-lo a resolver quest\u00f5es legais com confian\u00e7a e compet\u00eancia.<\/p>\t\t\t\t\t\t\t\t<\/div>\n\t\t\t\t<\/div>\n\t\t\t\t<div class=\"elementor-element elementor-element-036a7cf wpr-pbar-title-pos-outside wpr-pbar-counter-pos-outside wpr-prbar-layout-hr-line elementor-widget elementor-widget-wpr-progress-bar\" data-id=\"036a7cf\" data-element_type=\"widget\" data-e-type=\"widget\" data-widget_type=\"wpr-progress-bar.default\">\n\t\t\t\t<div class=\"elementor-widget-container\">\n\t\t\t\t\t\t\t\t\n\t\t<div class=\"wpr-progress-bar\" data-options=\"{&quot;counterValue&quot;:100,&quot;counterValuePersent&quot;:100,&quot;counterSeparator&quot;:&quot;&quot;,&quot;animDuration&quot;:1000,&quot;animDelay&quot;:1000,&quot;loop&quot;:&quot;&quot;,&quot;loopDelay&quot;:&quot;&quot;}\">\n\t\t\n\t\t\t<div class=\"wpr-prbar-content elementor-clearfix\"><div class=\"wpr-prbar-title-wrap\"><div class=\"wpr-prbar-title\">Nacionalidade conclu\u00edda<\/div><div class=\"wpr-prbar-subtitle\"><\/div><\/div>\n\t\t<div class=\"wpr-prbar-counter\">\n\n\t\t\t\n\t\t\t\t\t\t<span class=\"wpr-prbar-counter-value\">0<\/span>\n\t\t\t\n\t\t\t\t\t\t<span class=\"wpr-prbar-counter-value-suffix\">%<\/span>\n\t\t\t\n\t\t<\/div>\n\n\t\t<\/div>\n\t\t<div class=\"wpr-prbar-hr-line\">\n\t\t\t<div class=\"wpr-prbar-hr-line-inner wpr-anim-timing-ease-default\">\n\t\t\t\t\t\t\t<\/div>\n\t\t\t\t\t<\/div>\n\n\t\t\n\t\t<\/div>\n\n\t\t\t\t\t\t<\/div>\n\t\t\t\t<\/div>\n\t\t\t\t<div class=\"elementor-element elementor-element-345032b wpr-pbar-title-pos-outside wpr-pbar-counter-pos-outside wpr-prbar-layout-hr-line elementor-widget elementor-widget-wpr-progress-bar\" data-id=\"345032b\" data-element_type=\"widget\" data-e-type=\"widget\" data-widget_type=\"wpr-progress-bar.default\">\n\t\t\t\t<div class=\"elementor-widget-container\">\n\t\t\t\t\t\t\t\t\n\t\t<div class=\"wpr-progress-bar\" data-options=\"{&quot;counterValue&quot;:100,&quot;counterValuePersent&quot;:100,&quot;counterSeparator&quot;:&quot;&quot;,&quot;animDuration&quot;:1000,&quot;animDelay&quot;:1000,&quot;loop&quot;:&quot;&quot;,&quot;loopDelay&quot;:&quot;&quot;}\">\n\t\t\n\t\t\t<div class=\"wpr-prbar-content elementor-clearfix\"><div class=\"wpr-prbar-title-wrap\"><div class=\"wpr-prbar-title\">Autoriza\u00e7\u00e3o de resid\u00eancia concedida<\/div><div class=\"wpr-prbar-subtitle\"><\/div><\/div>\n\t\t<div class=\"wpr-prbar-counter\">\n\n\t\t\t\n\t\t\t\t\t\t<span class=\"wpr-prbar-counter-value\">0<\/span>\n\t\t\t\n\t\t\t\t\t\t<span class=\"wpr-prbar-counter-value-suffix\">%<\/span>\n\t\t\t\n\t\t<\/div>\n\n\t\t<\/div>\n\t\t<div class=\"wpr-prbar-hr-line\">\n\t\t\t<div class=\"wpr-prbar-hr-line-inner wpr-anim-timing-ease-default\">\n\t\t\t\t\t\t\t<\/div>\n\t\t\t\t\t<\/div>\n\n\t\t\n\t\t<\/div>\n\n\t\t\t\t\t\t<\/div>\n\t\t\t\t<\/div>\n\t\t\t\t<div class=\"elementor-element elementor-element-ea228fb wpr-pbar-title-pos-outside wpr-pbar-counter-pos-outside wpr-prbar-layout-hr-line elementor-widget elementor-widget-wpr-progress-bar\" data-id=\"ea228fb\" data-element_type=\"widget\" data-e-type=\"widget\" data-widget_type=\"wpr-progress-bar.default\">\n\t\t\t\t<div class=\"elementor-widget-container\">\n\t\t\t\t\t\t\t\t\n\t\t<div class=\"wpr-progress-bar\" data-options=\"{&quot;counterValue&quot;:100,&quot;counterValuePersent&quot;:100,&quot;counterSeparator&quot;:&quot;&quot;,&quot;animDuration&quot;:1000,&quot;animDelay&quot;:1000,&quot;loop&quot;:&quot;&quot;,&quot;loopDelay&quot;:&quot;&quot;}\">\n\t\t\n\t\t\t<div class=\"wpr-prbar-content elementor-clearfix\"><div class=\"wpr-prbar-title-wrap\"><div class=\"wpr-prbar-title\">Experi\u00eancia<\/div><div class=\"wpr-prbar-subtitle\"><\/div><\/div>\n\t\t<div class=\"wpr-prbar-counter\">\n\n\t\t\t\n\t\t\t\t\t\t<span class=\"wpr-prbar-counter-value\">0<\/span>\n\t\t\t\n\t\t\t\t\t\t<span class=\"wpr-prbar-counter-value-suffix\">%<\/span>\n\t\t\t\n\t\t<\/div>\n\n\t\t<\/div>\n\t\t<div class=\"wpr-prbar-hr-line\">\n\t\t\t<div class=\"wpr-prbar-hr-line-inner wpr-anim-timing-ease-default\">\n\t\t\t\t\t\t\t<\/div>\n\t\t\t\t\t<\/div>\n\n\t\t\n\t\t<\/div>\n\n\t\t\t\t\t\t<\/div>\n\t\t\t\t<\/div>\n\t\t\t\t<div class=\"elementor-element elementor-element-de639a0 wpr-pbar-title-pos-outside wpr-pbar-counter-pos-outside wpr-prbar-layout-hr-line elementor-widget elementor-widget-wpr-progress-bar\" data-id=\"de639a0\" data-element_type=\"widget\" data-e-type=\"widget\" data-widget_type=\"wpr-progress-bar.default\">\n\t\t\t\t<div class=\"elementor-widget-container\">\n\t\t\t\t\t\t\t\t\n\t\t<div class=\"wpr-progress-bar\" data-options=\"{&quot;counterValue&quot;:100,&quot;counterValuePersent&quot;:100,&quot;counterSeparator&quot;:&quot;&quot;,&quot;animDuration&quot;:1000,&quot;animDelay&quot;:1000,&quot;loop&quot;:&quot;&quot;,&quot;loopDelay&quot;:&quot;&quot;}\">\n\t\t\n\t\t\t<div class=\"wpr-prbar-content elementor-clearfix\"><div class=\"wpr-prbar-title-wrap\"><div class=\"wpr-prbar-title\">Processos conclu\u00eddos<\/div><div class=\"wpr-prbar-subtitle\"><\/div><\/div>\n\t\t<div class=\"wpr-prbar-counter\">\n\n\t\t\t\n\t\t\t\t\t\t<span class=\"wpr-prbar-counter-value\">0<\/span>\n\t\t\t\n\t\t\t\t\t\t<span class=\"wpr-prbar-counter-value-suffix\">%<\/span>\n\t\t\t\n\t\t<\/div>\n\n\t\t<\/div>\n\t\t<div class=\"wpr-prbar-hr-line\">\n\t\t\t<div class=\"wpr-prbar-hr-line-inner wpr-anim-timing-ease-default\">\n\t\t\t\t\t\t\t<\/div>\n\t\t\t\t\t<\/div>\n\n\t\t\n\t\t<\/div>\n\n\t\t\t\t\t\t<\/div>\n\t\t\t\t<\/div>\n\t\t\t\t<div class=\"elementor-element elementor-element-d78905c wpr-pbar-title-pos-outside wpr-pbar-counter-pos-outside wpr-prbar-layout-hr-line elementor-widget elementor-widget-wpr-progress-bar\" data-id=\"d78905c\" data-element_type=\"widget\" data-e-type=\"widget\" data-widget_type=\"wpr-progress-bar.default\">\n\t\t\t\t<div class=\"elementor-widget-container\">\n\t\t\t\t\t\t\t\t\n\t\t<div class=\"wpr-progress-bar\" data-options=\"{&quot;counterValue&quot;:100,&quot;counterValuePersent&quot;:100,&quot;counterSeparator&quot;:&quot;&quot;,&quot;animDuration&quot;:1000,&quot;animDelay&quot;:1000,&quot;loop&quot;:&quot;&quot;,&quot;loopDelay&quot;:&quot;&quot;}\">\n\t\t\n\t\t\t<div class=\"wpr-prbar-content elementor-clearfix\"><div class=\"wpr-prbar-title-wrap\"><div class=\"wpr-prbar-title\">Casos de Criminais<\/div><div class=\"wpr-prbar-subtitle\"><\/div><\/div>\n\t\t<div class=\"wpr-prbar-counter\">\n\n\t\t\t\n\t\t\t\t\t\t<span class=\"wpr-prbar-counter-value\">0<\/span>\n\t\t\t\n\t\t\t\t\t\t<span class=\"wpr-prbar-counter-value-suffix\">%<\/span>\n\t\t\t\n\t\t<\/div>\n\n\t\t<\/div>\n\t\t<div class=\"wpr-prbar-hr-line\">\n\t\t\t<div class=\"wpr-prbar-hr-line-inner wpr-anim-timing-ease-default\">\n\t\t\t\t\t\t\t<\/div>\n\t\t\t\t\t<\/div>\n\n\t\t\n\t\t<\/div>\n\n\t\t\t\t\t\t<\/div>\n\t\t\t\t<\/div>\n\t\t\t\t\t<\/div>\n\t\t<\/div>\n\t\t\t\t\t<\/div>\n\t\t<\/section>\n\t\t\t\t<\/div>\n\t\t","protected":false},"excerpt":{"rendered":"<p>Advocacia Nossa Equipe Conhe\u00e7a nossos advogados Lu\u00eds Ot\u00e1vio Lara Advogado s\u00f3cio fundador Especialista em contratos internacionais, atuante em direito de fam\u00edlia, sucess\u00f5es e empresarial. Luana Oliveira Lara Advogada s\u00f3cia administrativa Especialista em imigra\u00e7\u00e3o, assessoria de vistos, nacionalidade portuguesa e estrat\u00e9gia para mudan\u00e7a para Portugal. Luiz Costa Advogado Especialista em direito administrativo. Atua na obten\u00e7\u00e3o de documenta\u00e7\u00e3o e acompanhamento juntos aos \u00f3rg\u00e3os p\u00fablicos de Portugal. 20 anos de experi\u00eancia na \u00e1rea de processos judiciais No Lara Oliveira Lara Advocacia, priorizamos o atendimento dedicado, a orienta\u00e7\u00e3o \u00e9tica e a busca incans\u00e1vel pela justi\u00e7a em cada caso que assumimos. Nossa expertise abrange uma variedade de \u00e1reas do direito, incluindo direito civil, trabalhista, empresarial, fam\u00edlia e muito mais. 0 + Empres\u00e1rios assessorados 100 + Casos conclu\u00eddos 0 + Documentos emitidos Nossas especializa\u00e7\u00f5es Estamos comprometidos em oferecer solu\u00e7\u00f5es jur\u00eddicas eficazes e de alta qualidade para nossos clientes. Entre em contato conosco para uma consulta e descubra como a Lara Oliveira Lara Advogados pode ajud\u00e1-lo a resolver quest\u00f5es legais com confian\u00e7a e compet\u00eancia. Nacionalidade conclu\u00edda 0 % Autoriza\u00e7\u00e3o de resid\u00eancia concedida 0 % Experi\u00eancia 0 % Processos conclu\u00eddos 0 % Casos de Criminais 0 %<\/p>\n","protected":false},"author":1,"featured_media":0,"parent":0,"menu_order":0,"comment_status":"closed","ping_status":"closed","template":"elementor_canvas","meta":{"footnotes":""},"class_list":["post-207","page","type-page","status-publish","hentry"],"_links":{"self":[{"href":"http:\/\/lol.adv.br\/index.php\/wp-json\/wp\/v2\/pages\/207","targetHints":{"allow":["GET"]}}],"collection":[{"href":"http:\/\/lol.adv.br\/index.php\/wp-json\/wp\/v2\/pages"}],"about":[{"href":"http:\/\/lol.adv.br\/index.php\/wp-json\/wp\/v2\/types\/page"}],"author":[{"embeddable":true,"href":"http:\/\/lol.adv.br\/index.php\/wp-json\/wp\/v2\/users\/1"}],"replies":[{"embeddable":true,"href":"http:\/\/lol.adv.br\/index.php\/wp-json\/wp\/v2\/comments?post=207"}],"version-history":[{"count":27,"href":"http:\/\/lol.adv.br\/index.php\/wp-json\/wp\/v2\/pages\/207\/revisions"}],"predecessor-version":[{"id":1753,"href":"http:\/\/lol.adv.br\/index.php\/wp-json\/wp\/v2\/pages\/207\/revisions\/1753"}],"wp:attachment":[{"href":"http:\/\/lol.adv.br\/index.php\/wp-json\/wp\/v2\/media?parent=207"}],"curies":[{"name":"wp","href":"https:\/\/api.w.org\/{rel}","templated":true}]}}